{"id":582,"date":"2026-04-03T12:13:01","date_gmt":"2026-04-03T10:13:01","guid":{"rendered":"https:\/\/sante-bienetre-naturisme.fr\/?page_id=582"},"modified":"2026-04-03T12:13:01","modified_gmt":"2026-04-03T10:13:01","slug":"leducation-des-enfants","status":"publish","type":"page","link":"https:\/\/sante-bienetre-naturisme.fr\/?page_id=582","title":{"rendered":"L&rsquo;\u00e9ducation des enfants."},"content":{"rendered":"<p><img loading=\"lazy\" decoding=\"async\" class=\"wp-image-583 aligncenter\" src=\"http:\/\/sante-bienetre-naturisme.fr\/wp-content\/uploads\/2026\/04\/Notre-role-de-parents-mis-a-nu.1-212x300.jpg\" alt=\"\" width=\"884\" height=\"1250\" srcset=\"https:\/\/sante-bienetre-naturisme.fr\/wp-content\/uploads\/2026\/04\/Notre-role-de-parents-mis-a-nu.1-212x300.jpg 212w, https:\/\/sante-bienetre-naturisme.fr\/wp-content\/uploads\/2026\/04\/Notre-role-de-parents-mis-a-nu.1-724x1024.jpg 724w, https:\/\/sante-bienetre-naturisme.fr\/wp-content\/uploads\/2026\/04\/Notre-role-de-parents-mis-a-nu.1-768x1086.jpg 768w, https:\/\/sante-bienetre-naturisme.fr\/wp-content\/uploads\/2026\/04\/Notre-role-de-parents-mis-a-nu.1-1086x1536.jpg 1086w, https:\/\/sante-bienetre-naturisme.fr\/wp-content\/uploads\/2026\/04\/Notre-role-de-parents-mis-a-nu.1-1448x2048.jpg 1448w, https:\/\/sante-bienetre-naturisme.fr\/wp-content\/uploads\/2026\/04\/Notre-role-de-parents-mis-a-nu.1-scaled.jpg 1810w\" sizes=\"auto, (max-width: 884px) 100vw, 884px\" \/><\/p>\n<p><img loading=\"lazy\" decoding=\"async\" class=\"wp-image-584 aligncenter\" src=\"http:\/\/sante-bienetre-naturisme.fr\/wp-content\/uploads\/2026\/04\/Notre-role-de-parents-mis-a-nu.2-212x300.jpg\" alt=\"\" width=\"881\" height=\"1246\" srcset=\"https:\/\/sante-bienetre-naturisme.fr\/wp-content\/uploads\/2026\/04\/Notre-role-de-parents-mis-a-nu.2-212x300.jpg 212w, https:\/\/sante-bienetre-naturisme.fr\/wp-content\/uploads\/2026\/04\/Notre-role-de-parents-mis-a-nu.2-724x1024.jpg 724w, https:\/\/sante-bienetre-naturisme.fr\/wp-content\/uploads\/2026\/04\/Notre-role-de-parents-mis-a-nu.2-768x1086.jpg 768w, https:\/\/sante-bienetre-naturisme.fr\/wp-content\/uploads\/2026\/04\/Notre-role-de-parents-mis-a-nu.2-1086x1536.jpg 1086w, https:\/\/sante-bienetre-naturisme.fr\/wp-content\/uploads\/2026\/04\/Notre-role-de-parents-mis-a-nu.2-1448x2048.jpg 1448w, https:\/\/sante-bienetre-naturisme.fr\/wp-content\/uploads\/2026\/04\/Notre-role-de-parents-mis-a-nu.2-scaled.jpg 1810w\" sizes=\"auto, (max-width: 881px) 100vw, 881px\" \/><\/p>\n<p><img loading=\"lazy\" decoding=\"async\" class=\"wp-image-585 aligncenter\" src=\"http:\/\/sante-bienetre-naturisme.fr\/wp-content\/uploads\/2026\/04\/Notre-role-de-parents-mis-a-nu.3-212x300.jpg\" alt=\"\" width=\"866\" height=\"1225\" srcset=\"https:\/\/sante-bienetre-naturisme.fr\/wp-content\/uploads\/2026\/04\/Notre-role-de-parents-mis-a-nu.3-212x300.jpg 212w, https:\/\/sante-bienetre-naturisme.fr\/wp-content\/uploads\/2026\/04\/Notre-role-de-parents-mis-a-nu.3-724x1024.jpg 724w, https:\/\/sante-bienetre-naturisme.fr\/wp-content\/uploads\/2026\/04\/Notre-role-de-parents-mis-a-nu.3-768x1086.jpg 768w, https:\/\/sante-bienetre-naturisme.fr\/wp-content\/uploads\/2026\/04\/Notre-role-de-parents-mis-a-nu.3-1086x1536.jpg 1086w, https:\/\/sante-bienetre-naturisme.fr\/wp-content\/uploads\/2026\/04\/Notre-role-de-parents-mis-a-nu.3-1448x2048.jpg 1448w, https:\/\/sante-bienetre-naturisme.fr\/wp-content\/uploads\/2026\/04\/Notre-role-de-parents-mis-a-nu.3-scaled.jpg 1810w\" sizes=\"auto, (max-width: 866px) 100vw, 866px\" \/><\/p>\n","protected":false},"excerpt":{"rendered":"","protected":false},"author":3,"featured_media":0,"parent":0,"menu_order":0,"comment_status":"closed","ping_status":"closed","template":"","meta":{"_kad_post_transparent":"default","_kad_post_title":"default","_kad_post_layout":"default","_kad_post_sidebar_id":"","_kad_post_content_style":"default","_kad_post_vertical_padding":"default","_kad_post_feature":"","_kad_post_feature_position":"","_kad_post_header":false,"_kad_post_footer":false,"_kad_post_classname":"","footnotes":""},"class_list":["post-582","page","type-page","status-publish","hentry"],"yoast_head":"<!-- This site is optimized with the Yoast SEO plugin v27.3 - https:\/\/yoast.com\/product\/yoast-seo-wordpress\/ -->\n<title>L&#039;\u00e9ducation des enfants. - Sant\u00e9 bien-\u00eatre &amp; naturisme<\/title>\n<meta name=\"robots\" content=\"index, follow, max-snippet:-1, max-image-preview:large, max-video-preview:-1\" \/>\n<link rel=\"canonical\" href=\"https:\/\/sante-bienetre-naturisme.fr\/?page_id=582\" \/>\n<meta property=\"og:locale\" content=\"fr_FR\" \/>\n<meta property=\"og:type\" content=\"article\" \/>\n<meta property=\"og:title\" content=\"L&#039;\u00e9ducation des enfants. - Sant\u00e9 bien-\u00eatre &amp; naturisme\" \/>\n<meta property=\"og:url\" content=\"https:\/\/sante-bienetre-naturisme.fr\/?page_id=582\" \/>\n<meta property=\"og:site_name\" content=\"Sant\u00e9 bien-\u00eatre &amp; naturisme\" \/>\n<meta property=\"og:image\" content=\"https:\/\/sante-bienetre-naturisme.fr\/wp-content\/uploads\/2026\/04\/Notre-role-de-parents-mis-a-nu.1-scaled.jpg\" \/>\n\t<meta property=\"og:image:width\" content=\"1810\" \/>\n\t<meta property=\"og:image:height\" content=\"2560\" \/>\n\t<meta property=\"og:image:type\" content=\"image\/jpeg\" \/>\n<meta name=\"twitter:card\" content=\"summary_large_image\" \/>\n<meta name=\"twitter:label1\" content=\"Dur\u00e9e de lecture estim\u00e9e\" \/>\n\t<meta name=\"twitter:data1\" content=\"1 minute\" \/>\n<script type=\"application\/ld+json\" class=\"yoast-schema-graph\">{\"@context\":\"https:\\\/\\\/schema.org\",\"@graph\":[{\"@type\":\"WebPage\",\"@id\":\"https:\\\/\\\/sante-bienetre-naturisme.fr\\\/?page_id=582\",\"url\":\"https:\\\/\\\/sante-bienetre-naturisme.fr\\\/?page_id=582\",\"name\":\"L'\u00e9ducation des enfants. - Sant\u00e9 bien-\u00eatre &amp; naturisme\",\"isPartOf\":{\"@id\":\"https:\\\/\\\/sante-bienetre-naturisme.fr\\\/#website\"},\"primaryImageOfPage\":{\"@id\":\"https:\\\/\\\/sante-bienetre-naturisme.fr\\\/?page_id=582#primaryimage\"},\"image\":{\"@id\":\"https:\\\/\\\/sante-bienetre-naturisme.fr\\\/?page_id=582#primaryimage\"},\"thumbnailUrl\":\"http:\\\/\\\/sante-bienetre-naturisme.fr\\\/wp-content\\\/uploads\\\/2026\\\/04\\\/Notre-role-de-parents-mis-a-nu.1-212x300.jpg\",\"datePublished\":\"2026-04-03T10:13:01+00:00\",\"breadcrumb\":{\"@id\":\"https:\\\/\\\/sante-bienetre-naturisme.fr\\\/?page_id=582#breadcrumb\"},\"inLanguage\":\"fr-FR\",\"potentialAction\":[{\"@type\":\"ReadAction\",\"target\":[\"https:\\\/\\\/sante-bienetre-naturisme.fr\\\/?page_id=582\"]}]},{\"@type\":\"ImageObject\",\"inLanguage\":\"fr-FR\",\"@id\":\"https:\\\/\\\/sante-bienetre-naturisme.fr\\\/?page_id=582#primaryimage\",\"url\":\"https:\\\/\\\/sante-bienetre-naturisme.fr\\\/wp-content\\\/uploads\\\/2026\\\/04\\\/Notre-role-de-parents-mis-a-nu.1-scaled.jpg\",\"contentUrl\":\"https:\\\/\\\/sante-bienetre-naturisme.fr\\\/wp-content\\\/uploads\\\/2026\\\/04\\\/Notre-role-de-parents-mis-a-nu.1-scaled.jpg\",\"width\":1810,\"height\":2560},{\"@type\":\"BreadcrumbList\",\"@id\":\"https:\\\/\\\/sante-bienetre-naturisme.fr\\\/?page_id=582#breadcrumb\",\"itemListElement\":[{\"@type\":\"ListItem\",\"position\":1,\"name\":\"Accueil\",\"item\":\"https:\\\/\\\/sante-bienetre-naturisme.fr\\\/\"},{\"@type\":\"ListItem\",\"position\":2,\"name\":\"L&rsquo;\u00e9ducation des enfants.\"}]},{\"@type\":\"WebSite\",\"@id\":\"https:\\\/\\\/sante-bienetre-naturisme.fr\\\/#website\",\"url\":\"https:\\\/\\\/sante-bienetre-naturisme.fr\\\/\",\"name\":\"Sant\u00e9 bien-\u00eatre &amp; naturisme\",\"description\":\"\",\"potentialAction\":[{\"@type\":\"SearchAction\",\"target\":{\"@type\":\"EntryPoint\",\"urlTemplate\":\"https:\\\/\\\/sante-bienetre-naturisme.fr\\\/?s={search_term_string}\"},\"query-input\":{\"@type\":\"PropertyValueSpecification\",\"valueRequired\":true,\"valueName\":\"search_term_string\"}}],\"inLanguage\":\"fr-FR\"}]}<\/script>\n<!-- \/ Yoast SEO plugin. -->","yoast_head_json":{"title":"L'\u00e9ducation des enfants. - Sant\u00e9 bien-\u00eatre &amp; naturisme","robots":{"index":"index","follow":"follow","max-snippet":"max-snippet:-1","max-image-preview":"max-image-preview:large","max-video-preview":"max-video-preview:-1"},"canonical":"https:\/\/sante-bienetre-naturisme.fr\/?page_id=582","og_locale":"fr_FR","og_type":"article","og_title":"L'\u00e9ducation des enfants. - Sant\u00e9 bien-\u00eatre &amp; naturisme","og_url":"https:\/\/sante-bienetre-naturisme.fr\/?page_id=582","og_site_name":"Sant\u00e9 bien-\u00eatre &amp; naturisme","og_image":[{"width":1810,"height":2560,"url":"https:\/\/sante-bienetre-naturisme.fr\/wp-content\/uploads\/2026\/04\/Notre-role-de-parents-mis-a-nu.1-scaled.jpg","type":"image\/jpeg"}],"twitter_card":"summary_large_image","twitter_misc":{"Dur\u00e9e de lecture estim\u00e9e":"1 minute"},"schema":{"@context":"https:\/\/schema.org","@graph":[{"@type":"WebPage","@id":"https:\/\/sante-bienetre-naturisme.fr\/?page_id=582","url":"https:\/\/sante-bienetre-naturisme.fr\/?page_id=582","name":"L'\u00e9ducation des enfants. - Sant\u00e9 bien-\u00eatre &amp; naturisme","isPartOf":{"@id":"https:\/\/sante-bienetre-naturisme.fr\/#website"},"primaryImageOfPage":{"@id":"https:\/\/sante-bienetre-naturisme.fr\/?page_id=582#primaryimage"},"image":{"@id":"https:\/\/sante-bienetre-naturisme.fr\/?page_id=582#primaryimage"},"thumbnailUrl":"http:\/\/sante-bienetre-naturisme.fr\/wp-content\/uploads\/2026\/04\/Notre-role-de-parents-mis-a-nu.1-212x300.jpg","datePublished":"2026-04-03T10:13:01+00:00","breadcrumb":{"@id":"https:\/\/sante-bienetre-naturisme.fr\/?page_id=582#breadcrumb"},"inLanguage":"fr-FR","potentialAction":[{"@type":"ReadAction","target":["https:\/\/sante-bienetre-naturisme.fr\/?page_id=582"]}]},{"@type":"ImageObject","inLanguage":"fr-FR","@id":"https:\/\/sante-bienetre-naturisme.fr\/?page_id=582#primaryimage","url":"https:\/\/sante-bienetre-naturisme.fr\/wp-content\/uploads\/2026\/04\/Notre-role-de-parents-mis-a-nu.1-scaled.jpg","contentUrl":"https:\/\/sante-bienetre-naturisme.fr\/wp-content\/uploads\/2026\/04\/Notre-role-de-parents-mis-a-nu.1-scaled.jpg","width":1810,"height":2560},{"@type":"BreadcrumbList","@id":"https:\/\/sante-bienetre-naturisme.fr\/?page_id=582#breadcrumb","itemListElement":[{"@type":"ListItem","position":1,"name":"Accueil","item":"https:\/\/sante-bienetre-naturisme.fr\/"},{"@type":"ListItem","position":2,"name":"L&rsquo;\u00e9ducation des enfants."}]},{"@type":"WebSite","@id":"https:\/\/sante-bienetre-naturisme.fr\/#website","url":"https:\/\/sante-bienetre-naturisme.fr\/","name":"Sant\u00e9 bien-\u00eatre &amp; naturisme","description":"","potentialAction":[{"@type":"SearchAction","target":{"@type":"EntryPoint","urlTemplate":"https:\/\/sante-bienetre-naturisme.fr\/?s={search_term_string}"},"query-input":{"@type":"PropertyValueSpecification","valueRequired":true,"valueName":"search_term_string"}}],"inLanguage":"fr-FR"}]}},"_links":{"self":[{"href":"https:\/\/sante-bienetre-naturisme.fr\/index.php?rest_route=\/wp\/v2\/pages\/582","targetHints":{"allow":["GET"]}}],"collection":[{"href":"https:\/\/sante-bienetre-naturisme.fr\/index.php?rest_route=\/wp\/v2\/pages"}],"about":[{"href":"https:\/\/sante-bienetre-naturisme.fr\/index.php?rest_route=\/wp\/v2\/types\/page"}],"author":[{"embeddable":true,"href":"https:\/\/sante-bienetre-naturisme.fr\/index.php?rest_route=\/wp\/v2\/users\/3"}],"replies":[{"embeddable":true,"href":"https:\/\/sante-bienetre-naturisme.fr\/index.php?rest_route=%2Fwp%2Fv2%2Fcomments&post=582"}],"version-history":[{"count":3,"href":"https:\/\/sante-bienetre-naturisme.fr\/index.php?rest_route=\/wp\/v2\/pages\/582\/revisions"}],"predecessor-version":[{"id":588,"href":"https:\/\/sante-bienetre-naturisme.fr\/index.php?rest_route=\/wp\/v2\/pages\/582\/revisions\/588"}],"wp:attachment":[{"href":"https:\/\/sante-bienetre-naturisme.fr\/index.php?rest_route=%2Fwp%2Fv2%2Fmedia&parent=582"}],"curies":[{"name":"wp","href":"https:\/\/api.w.org\/{rel}","templated":true}]}}